{"id":122,"date":"2012-05-13T16:42:27","date_gmt":"2012-05-13T16:42:27","guid":{"rendered":"http:\/\/creation-jardin.com\/wp\/?page_id=122"},"modified":"2015-01-22T14:38:16","modified_gmt":"2015-01-22T14:38:16","slug":"contact-bureau-detude-parcs-et-jardin-mediterraneens","status":"publish","type":"page","link":"https:\/\/www.creation-jardin.com\/paysagiste\/contact-bureau-detude-parcs-et-jardin-mediterraneens\/","title":{"rendered":"Bureau d\u2019\u00e9tude parcs et jardin m\u00e9diterran\u00e9ens"},"content":{"rendered":"<p>&nbsp;<\/p>\n<p><center><h1 class=\"title\"><span>Bureau d\u2019\u00e9tude parcs et jardin m\u00e9diterran\u00e9ens<\/span><\/h1><strong>Beausoleil, chemin de Reganat 13170 Les Pennes Mirabeau<\/strong><\/center><\/p>\n<p style=\"text-align: center;\">T\u00e9l. : 00 (+33) 442 025 686<br \/>\nFax : 00 (+33) 981 706 939<\/p>\n<p style=\"text-align: center;\"><strong>Email<\/strong> : contact@thomasgentilini.com<br \/>\n<a href=\"http:\/\/maps.google.fr\/maps?q=Beausoleil,+chemin+de+Reganat+13170+Les+Pennes+Mirabeau&amp;hl=fr&amp;ie=UTF8&amp;ll=43.413652,5.288715&amp;spn=0.01964,0.052314&amp;oe=utf-8&amp;client=firefox-a&amp;hq=Beausoleil,&amp;hnear=Chemin+de+R%C3%A9ganat,+13170+Les+Pennes-Mirabeau,+Bouches-Du-Rh%C3%B4ne,+Provence-Alpes-C%C3%B4te+d%27Azur&amp;t=m&amp;z=15&amp;iwloc=A\" target=\"_blank\"><img loading=\"lazy\" decoding=\"async\" class=\"wp-image-161 alignnone\" title=\"Beausoleil, chemin de Reganat 13170 Les Pennes Mirabeau\" src=\"http:\/\/creation-jardin.com\/paysagiste\/wp-content\/uploads\/2012\/05\/pennes-mirabeau-marseille.png\" alt=\"\" width=\"323\" height=\"151\" srcset=\"https:\/\/www.creation-jardin.com\/paysagiste\/wp-content\/uploads\/2012\/05\/pennes-mirabeau-marseille.png 323w, https:\/\/www.creation-jardin.com\/paysagiste\/wp-content\/uploads\/2012\/05\/pennes-mirabeau-marseille-300x140.png 300w\" sizes=\"(max-width: 323px) 100vw, 323px\" \/><\/a><a href=\"http:\/\/maps.google.fr\/maps?q=Beausoleil,+chemin+de+Reganat+13170+Les+Pennes+Mirabeau&amp;hl=fr&amp;ie=UTF8&amp;ll=43.413652,5.288715&amp;spn=0.01964,0.052314&amp;oe=utf-8&amp;client=firefox-a&amp;hq=Beausoleil,&amp;hnear=Chemin+de+R%C3%A9ganat,+13170+Les+Pennes-Mirabeau,+Bouches-Du-Rh%C3%B4ne,+Provence-Alpes-C%C3%B4te+d%27Azur&amp;t=m&amp;z=15&amp;iwloc=A\" target=\"_blank\"><br \/>\n<\/a><\/p>\n","protected":false},"excerpt":{"rendered":"<p>&nbsp;<\/p>\n<p>Bureau d\u2019\u00e9tude parcs et jardin m\u00e9diterran\u00e9ensBeausoleil, chemin de Reganat 13170 Les Pennes Mirabeau<\/p>\n<p style=\"text-align: center;\">T\u00e9l. : 00 (+33) 442 025 686<br \/>\nFax : 00 (+33) 981 706 939<\/p>\n<p style=\"text-align: center;\">Email : contact@thomasgentilini.com<\/p>\n","protected":false},"author":1,"featured_media":0,"parent":0,"menu_order":0,"comment_status":"open","ping_status":"open","template":"template-fullwidth.php","meta":{"footnotes":""},"aioseo_notices":[],"_links":{"self":[{"href":"https:\/\/www.creation-jardin.com\/paysagiste\/wp-json\/wp\/v2\/pages\/122"}],"collection":[{"href":"https:\/\/www.creation-jardin.com\/paysagiste\/wp-json\/wp\/v2\/pages"}],"about":[{"href":"https:\/\/www.creation-jardin.com\/paysagiste\/wp-json\/wp\/v2\/types\/page"}],"author":[{"embeddable":true,"href":"https:\/\/www.creation-jardin.com\/paysagiste\/wp-json\/wp\/v2\/users\/1"}],"replies":[{"embeddable":true,"href":"https:\/\/www.creation-jardin.com\/paysagiste\/wp-json\/wp\/v2\/comments?post=122"}],"version-history":[{"count":10,"href":"https:\/\/www.creation-jardin.com\/paysagiste\/wp-json\/wp\/v2\/pages\/122\/revisions"}],"predecessor-version":[{"id":1292,"href":"https:\/\/www.creation-jardin.com\/paysagiste\/wp-json\/wp\/v2\/pages\/122\/revisions\/1292"}],"wp:attachment":[{"href":"https:\/\/www.creation-jardin.com\/paysagiste\/wp-json\/wp\/v2\/media?parent=122"}],"curies":[{"name":"wp","href":"https:\/\/api.w.org\/{rel}","templated":true}]}}