{"id":13,"date":"2012-05-13T13:39:11","date_gmt":"2012-05-13T13:39:11","guid":{"rendered":"http:\/\/creation-jardin.com\/wp\/?page_id=13"},"modified":"2015-02-26T08:51:48","modified_gmt":"2015-02-26T08:51:48","slug":"amenagement-exterieur-equipe","status":"publish","type":"page","link":"https:\/\/www.creation-jardin.com\/paysagiste\/amenagement-exterieur-equipe\/","title":{"rendered":"L&rsquo;equipe"},"content":{"rendered":"<p><a href=\"http:\/\/www.creation-jardin.com\/paysagiste\/wp-content\/uploads\/2012\/05\/equipe2015.jpg\"><img loading=\"lazy\" decoding=\"async\" class=\"alignleft size-full wp-image-1303\" src=\"http:\/\/www.creation-jardin.com\/paysagiste\/wp-content\/uploads\/2012\/05\/equipe2015.jpg\" alt=\"equipe2015\" width=\"350\" height=\"432\" srcset=\"https:\/\/www.creation-jardin.com\/paysagiste\/wp-content\/uploads\/2012\/05\/equipe2015.jpg 350w, https:\/\/www.creation-jardin.com\/paysagiste\/wp-content\/uploads\/2012\/05\/equipe2015-243x300.jpg 243w\" sizes=\"(max-width: 350px) 100vw, 350px\" \/><\/a><\/p>\n<p><h1 class=\"title\"><span>L'equipe<\/span><\/h1>Depuis 2004 l\u2019agence a \u00e9largi ses comp\u00e9tences et a fait appel \u00e0 des <strong>collaborateurs talentueux<\/strong>. Comptant neuf assistants, ils travaillent tous \u00e0 prolonger l\u2019image de l\u2019agence en mariant leurs <strong>comp\u00e9tences<\/strong> \u00e0 l\u2019univers stimulant de <strong>Thomas Gentilini<\/strong>.<\/p>\n<p>Le <strong>dessinateur<\/strong> et les <strong>trois paysagistes<\/strong> du groupe analysent et \u00e9laborent les propositions d\u2019am\u00e9nagement du lieu ; les deux conducteurs de travaux assurent le suivi des chantiers jusqu\u2019\u00e0 la livraison et coordonnent l\u2019articulation des diff\u00e9rents corps de m\u00e9tier qui doivent intervenir.<\/p>\n<p>La secr\u00e9taire, l\u2019assistante commerciale et la <strong>designer graphique<\/strong> garantissent la bonne marche administrative de l\u2019\u00e9quipe et la direction de la communication.<\/p>\n<p><strong>Thomas Gentilini<\/strong> cr\u00e9atif stimulant conduit ses \u00e9quipes dans un esprit d\u2019<strong>innovation<\/strong> et de <strong>transmission<\/strong>.<\/p>\n","protected":false},"excerpt":{"rendered":"<\/p>\n<p>L&rsquo;equipeDepuis 2004 l\u2019agence a \u00e9largi ses comp\u00e9tences et a fait appel \u00e0 des collaborateurs talentueux. Comptant neuf assistants, ils travaillent tous \u00e0 prolonger l\u2019image de l\u2019agence en mariant leurs comp\u00e9tences \u00e0 l\u2019univers stimulant de Thomas Gentilini.<\/p>\n<p>Le dessinateur et les trois paysagistes du groupe analysent et \u00e9laborent les propositions d\u2019am\u00e9nagement du lieu ; les deux conducteurs de travaux assurent le suivi des chantiers jusqu\u2019\u00e0 la livraison et coordonnent l\u2019articulation des diff\u00e9rents corps de m\u00e9tier qui doivent intervenir.<\/p>\n<p>La secr\u00e9taire, l\u2019assistante commerciale et la designer graphique garantissent la bonne marche administrative de l\u2019\u00e9quipe et la direction de la &#8230; <a href=\"https:\/\/www.creation-jardin.com\/paysagiste\/amenagement-exterieur-equipe\/\">Lire la suite &raquo;<\/a><\/p>\n","protected":false},"author":1,"featured_media":0,"parent":0,"menu_order":0,"comment_status":"open","ping_status":"closed","template":"template-fullwidth.php","meta":{"footnotes":""},"aioseo_notices":[],"_links":{"self":[{"href":"https:\/\/www.creation-jardin.com\/paysagiste\/wp-json\/wp\/v2\/pages\/13"}],"collection":[{"href":"https:\/\/www.creation-jardin.com\/paysagiste\/wp-json\/wp\/v2\/pages"}],"about":[{"href":"https:\/\/www.creation-jardin.com\/paysagiste\/wp-json\/wp\/v2\/types\/page"}],"author":[{"embeddable":true,"href":"https:\/\/www.creation-jardin.com\/paysagiste\/wp-json\/wp\/v2\/users\/1"}],"replies":[{"embeddable":true,"href":"https:\/\/www.creation-jardin.com\/paysagiste\/wp-json\/wp\/v2\/comments?post=13"}],"version-history":[{"count":8,"href":"https:\/\/www.creation-jardin.com\/paysagiste\/wp-json\/wp\/v2\/pages\/13\/revisions"}],"predecessor-version":[{"id":1304,"href":"https:\/\/www.creation-jardin.com\/paysagiste\/wp-json\/wp\/v2\/pages\/13\/revisions\/1304"}],"wp:attachment":[{"href":"https:\/\/www.creation-jardin.com\/paysagiste\/wp-json\/wp\/v2\/media?parent=13"}],"curies":[{"name":"wp","href":"https:\/\/api.w.org\/{rel}","templated":true}]}}