{"id":20,"date":"2012-05-13T13:46:27","date_gmt":"2012-05-13T13:46:27","guid":{"rendered":"http:\/\/creation-jardin.com\/wp\/?page_id=20"},"modified":"2012-06-07T11:58:20","modified_gmt":"2012-06-07T11:58:20","slug":"parcs-et-jardins-mediterraneens","status":"publish","type":"page","link":"https:\/\/www.creation-jardin.com\/paysagiste\/parcs-et-jardins-mediterraneens\/","title":{"rendered":"Parcs et Jardins M\u00e9diterran\u00e9ens"},"content":{"rendered":"<p><img loading=\"lazy\" decoding=\"async\" class=\"alignleft size-full wp-image-220\" title=\"\" src=\"http:\/\/creation-jardin.com\/paysagiste\/wp-content\/uploads\/2012\/05\/paysagiste-conseil.png\" alt=\"\" width=\"350\" height=\"432\" srcset=\"https:\/\/www.creation-jardin.com\/paysagiste\/wp-content\/uploads\/2012\/05\/paysagiste-conseil.png 350w, https:\/\/www.creation-jardin.com\/paysagiste\/wp-content\/uploads\/2012\/05\/paysagiste-conseil-243x300.png 243w\" sizes=\"(max-width: 350px) 100vw, 350px\" \/><h1 class=\"title\"><span>Parcs et Jardins M\u00e9diterran\u00e9ens<\/span><\/h1>C\u2019est tout naturellement que <strong>Thomas Gentilini<\/strong> a succ\u00e9d\u00e9 \u00e0 la direction de l\u2019agence que son p\u00e8re avait <strong>cr\u00e9\u00e9 en 1972<\/strong> \u00ab <em>Parcs et Jardins M\u00e9diterran\u00e9en<\/em> \u00bb.<br \/>\nPar la <strong>qualit\u00e9 de son travail<\/strong>, l\u2019agence d\u2019<strong>architecture des jardins<\/strong> se d\u00e9veloppe aujourd\u2019hui avec succ\u00e8s et lui offre une <strong>solide r\u00e9putation<\/strong>.<\/p>\n<p>Compos\u00e9e d\u2019une \u00e9quipe <strong>cr\u00e9ative<\/strong> et <strong>rigoureuse<\/strong>, l\u2019agence d\u00e9ploie son savoir faire au-del\u00e0 de nos fronti\u00e8res. Reconnue pour ses comp\u00e9tences et son talent, elle collabore sur des chantiers dans toute la <strong>France<\/strong> et maintenant en <strong>Suisse<\/strong>, <strong>Maroc<\/strong> et <strong>Tunisie<\/strong>.<\/p>\n<p>\u00ab <strong>Parcs et Jardins M\u00e9diterran\u00e9ens<\/strong> \u00bb est sollicit\u00e9e pour intervenir dans des <strong>propri\u00e9t\u00e9s prestigieuses<\/strong> ou discr\u00e8tes, des <strong>jardins<\/strong>, des <strong>parcs<\/strong> ou des <strong>terrasses<\/strong>, des institutions ou des particuliers. Elle d\u00e9cline avec singularit\u00e9 des <strong>am\u00e9nagements inspir\u00e9s<\/strong> o\u00f9 l\u2019\u00e9l\u00e9gance et l\u2019harmonie offrent une intemporalit\u00e9 de l\u2019espace. Chaque projet est trait\u00e9 avec une extr\u00eame exigence, associant les r\u00e9alisations au souci d\u2019int\u00e9gration et de <strong>respect de l\u2019environnement<\/strong>.<\/p>\n","protected":false},"excerpt":{"rendered":"<p>Parcs et Jardins M\u00e9diterran\u00e9ensC\u2019est tout naturellement que Thomas Gentilini a succ\u00e9d\u00e9 \u00e0 la direction de l\u2019agence que son p\u00e8re avait cr\u00e9\u00e9 en 1972 \u00ab Parcs et Jardins M\u00e9diterran\u00e9en \u00bb.<br \/>\nPar la qualit\u00e9 de son travail, l\u2019agence d\u2019architecture des jardins se d\u00e9veloppe aujourd\u2019hui avec succ\u00e8s et lui offre une solide r\u00e9putation.<\/p>\n<p>Compos\u00e9e d\u2019une \u00e9quipe cr\u00e9ative et rigoureuse, l\u2019agence d\u00e9ploie son savoir faire au-del\u00e0 de nos fronti\u00e8res. Reconnue pour ses comp\u00e9tences et son talent, elle collabore sur des chantiers dans toute la France et maintenant en Suisse, Maroc et Tunisie.<\/p>\n<p>\u00ab Parcs et Jardins M\u00e9diterran\u00e9ens \u00bb est sollicit\u00e9e pour intervenir &#8230; <a href=\"https:\/\/www.creation-jardin.com\/paysagiste\/parcs-et-jardins-mediterraneens\/\">Lire la suite &raquo;<\/a><\/p>\n","protected":false},"author":1,"featured_media":0,"parent":0,"menu_order":0,"comment_status":"open","ping_status":"closed","template":"template-fullwidth.php","meta":{"footnotes":""},"aioseo_notices":[],"_links":{"self":[{"href":"https:\/\/www.creation-jardin.com\/paysagiste\/wp-json\/wp\/v2\/pages\/20"}],"collection":[{"href":"https:\/\/www.creation-jardin.com\/paysagiste\/wp-json\/wp\/v2\/pages"}],"about":[{"href":"https:\/\/www.creation-jardin.com\/paysagiste\/wp-json\/wp\/v2\/types\/page"}],"author":[{"embeddable":true,"href":"https:\/\/www.creation-jardin.com\/paysagiste\/wp-json\/wp\/v2\/users\/1"}],"replies":[{"embeddable":true,"href":"https:\/\/www.creation-jardin.com\/paysagiste\/wp-json\/wp\/v2\/comments?post=20"}],"version-history":[{"count":0,"href":"https:\/\/www.creation-jardin.com\/paysagiste\/wp-json\/wp\/v2\/pages\/20\/revisions"}],"wp:attachment":[{"href":"https:\/\/www.creation-jardin.com\/paysagiste\/wp-json\/wp\/v2\/media?parent=20"}],"curies":[{"name":"wp","href":"https:\/\/api.w.org\/{rel}","templated":true}]}}