{"id":32,"date":"2012-05-13T14:01:17","date_gmt":"2012-05-13T14:01:17","guid":{"rendered":"http:\/\/creation-jardin.com\/wp\/?page_id=32"},"modified":"2012-06-07T11:59:12","modified_gmt":"2012-06-07T11:59:12","slug":"paysagiste-sud-france","status":"publish","type":"page","link":"https:\/\/www.creation-jardin.com\/paysagiste\/paysagiste-sud-france\/","title":{"rendered":"Rayon d&rsquo;action"},"content":{"rendered":"<p><img loading=\"lazy\" decoding=\"async\" class=\"alignleft size-full wp-image-224\" title=\"\" src=\"http:\/\/www.creation-jardin.com\/paysagiste\/wp-content\/uploads\/2012\/05\/paysagiste-france.png\" alt=\"\" width=\"349\" height=\"432\" srcset=\"https:\/\/www.creation-jardin.com\/paysagiste\/wp-content\/uploads\/2012\/05\/paysagiste-france.png 349w, https:\/\/www.creation-jardin.com\/paysagiste\/wp-content\/uploads\/2012\/05\/paysagiste-france-242x300.png 242w\" sizes=\"(max-width: 349px) 100vw, 349px\" \/><h1 class=\"title\"><span>Rayon d'action<\/span><\/h1>\u00c0 sa <strong>cr\u00e9ation<\/strong>, l\u2019agence a concentr\u00e9 ses activit\u00e9s dans le<strong> sud de la France<\/strong> d\u2019o\u00f9 elle est originaire, puis a \u00e9largi ses interventions \u00e0 tout l\u2019hexagone gr\u00e2ce au fil de sa notori\u00e9t\u00e9.<\/p>\n<p>Depuis quelque temps, son rayonnement a pass\u00e9 les fronti\u00e8res et a permis d\u2019accomplir de belles r\u00e9alisations en <strong>Suisse<\/strong>, au <strong>Maroc<\/strong> et en <strong>Tunisie<\/strong>. L\u2019enthousiasme de <strong>Thomas Gentilini<\/strong> est communicatif.<\/p>\n<p>Avec son agence, il \u0153uvre \u00e0 fa\u00e7onner la nature, au service de la beaut\u00e9 et du raffinement ce qui ouvre des perspectives sans limite de lieux !<\/p>\n","protected":false},"excerpt":{"rendered":"<p>Rayon d&rsquo;action\u00c0 sa cr\u00e9ation, l\u2019agence a concentr\u00e9 ses activit\u00e9s dans le sud de la France d\u2019o\u00f9 elle est originaire, puis a \u00e9largi ses interventions \u00e0 tout l\u2019hexagone gr\u00e2ce au fil de sa notori\u00e9t\u00e9.<\/p>\n<p>Depuis quelque temps, son rayonnement a pass\u00e9 les fronti\u00e8res et a permis d\u2019accomplir de belles r\u00e9alisations en Suisse, au Maroc et en Tunisie. L\u2019enthousiasme de Thomas Gentilini est communicatif.<\/p>\n<p>Avec son agence, il \u0153uvre \u00e0 fa\u00e7onner la nature, au service de la beaut\u00e9 et du raffinement ce qui ouvre des perspectives sans limite de lieux !<\/p>\n","protected":false},"author":1,"featured_media":0,"parent":0,"menu_order":0,"comment_status":"open","ping_status":"closed","template":"template-fullwidth.php","meta":{"footnotes":""},"aioseo_notices":[],"_links":{"self":[{"href":"https:\/\/www.creation-jardin.com\/paysagiste\/wp-json\/wp\/v2\/pages\/32"}],"collection":[{"href":"https:\/\/www.creation-jardin.com\/paysagiste\/wp-json\/wp\/v2\/pages"}],"about":[{"href":"https:\/\/www.creation-jardin.com\/paysagiste\/wp-json\/wp\/v2\/types\/page"}],"author":[{"embeddable":true,"href":"https:\/\/www.creation-jardin.com\/paysagiste\/wp-json\/wp\/v2\/users\/1"}],"replies":[{"embeddable":true,"href":"https:\/\/www.creation-jardin.com\/paysagiste\/wp-json\/wp\/v2\/comments?post=32"}],"version-history":[{"count":1,"href":"https:\/\/www.creation-jardin.com\/paysagiste\/wp-json\/wp\/v2\/pages\/32\/revisions"}],"predecessor-version":[{"id":622,"href":"https:\/\/www.creation-jardin.com\/paysagiste\/wp-json\/wp\/v2\/pages\/32\/revisions\/622"}],"wp:attachment":[{"href":"https:\/\/www.creation-jardin.com\/paysagiste\/wp-json\/wp\/v2\/media?parent=32"}],"curies":[{"name":"wp","href":"https:\/\/api.w.org\/{rel}","templated":true}]}}