{"id":51,"date":"2012-05-13T15:16:25","date_gmt":"2012-05-13T15:16:25","guid":{"rendered":"http:\/\/creation-jardin.com\/wp\/?page_id=51"},"modified":"2012-06-12T16:43:14","modified_gmt":"2012-06-12T16:43:14","slug":"espaces-exterieurs-jardins","status":"publish","type":"page","link":"https:\/\/www.creation-jardin.com\/paysagiste\/espaces-exterieurs-jardins\/","title":{"rendered":"Savoir faire"},"content":{"rendered":"<p><img loading=\"lazy\" decoding=\"async\" class=\"alignleft size-full wp-image-429\" title=\"\" src=\"http:\/\/www.creation-jardin.com\/paysagiste\/wp-content\/uploads\/2012\/05\/savoir-faire-thomas-paysagiste-marseille.png\" alt=\"\" width=\"350\" height=\"800\" srcset=\"https:\/\/www.creation-jardin.com\/paysagiste\/wp-content\/uploads\/2012\/05\/savoir-faire-thomas-paysagiste-marseille.png 350w, https:\/\/www.creation-jardin.com\/paysagiste\/wp-content\/uploads\/2012\/05\/savoir-faire-thomas-paysagiste-marseille-131x300.png 131w\" sizes=\"(max-width: 350px) 100vw, 350px\" \/><h1 class=\"title\"><span>Savoir faire<\/span><\/h1>Il n\u2019y a pas de petit ou de grand jardin, il y a des espaces \u00e0 r\u00e9v\u00e9ler, des ambiances \u00e0 traduire et des harmonies \u00e0 cr\u00e9er. Un beau d\u00e9fi et c\u2019est pour \u00e7a que j\u2019aime mon m\u00e9tier.<\/p>\n<p><strong>Thomas Gentilini<\/strong> est un <strong>architecte paysagiste<\/strong> aussi engag\u00e9 que <strong>passionn\u00e9<\/strong>. Il compose des <strong>espaces ext\u00e9rieurs<\/strong> et des <strong>jardins<\/strong> avec <strong>cr\u00e9ativit\u00e9<\/strong> et une ma\u00eetrise parfaite des <em>plantes m\u00e9diterran\u00e9ennes<\/em>. Il travaille dans un souci du respect de l\u2019identit\u00e9 et des <strong>\u00e9cosyst\u00e8mes<\/strong>. Il met au service des jardins son <strong>savoir-faire<\/strong> en mati\u00e8re de <strong>d\u00e9veloppement durable<\/strong>. Son approche vise \u00e0 trouver des solutions respectueuses de l\u2019environnement.<\/p>\n<p>Un engagement qui valorise l\u2019\u00e9quilibre <strong>naturel du site<\/strong>. Son talent est un instinct ac\u00e9r\u00e9 dans la perception des espaces lui permettent de renouveler sans cesse ses cr\u00e9ations pour une oeuvre unique. Son atout est d\u2019avoir su constituer une <strong>\u00e9quipe talentueuse<\/strong> autour de lui. Des moyens humains diversifi\u00e9s et compl\u00e9mentaires qui proposent, cr\u00e9ent et d\u00e9veloppent tous les \u00e9l\u00e9ments du jardin. <\/p>\n<p>\u00a0\u00bb Mon activit\u00e9 s\u2019adresse aux <strong>particuliers<\/strong> et aux <strong>entreprises<\/strong> publiques ou priv\u00e9es. Mais quel que soit mon interlocuteur je proc\u00e8de de la m\u00eame mani\u00e8re.<br \/>\nJe me rends sur place et prends connaissance du site sur lequel je vais intervenir : prise de mesures, dossier photographique, m\u00e9tr\u00e9s &#8230; mais bien s\u00fbr la rencontre avec le propri\u00e9taire est essentielle ! Tout mon travail est bas\u00e9 sur l\u2019\u00e9coute du client, cela me permet de percevoir la philosophie du lieu, c\u2019est l\u00e0 que je compose les premi\u00e8res <strong>\u00e9bauches de propositions<\/strong>. Je travaille ensuite \u00e0 la r\u00e9alisation du plan de composition qui peut \u00eatre appuy\u00e9, suivant le cas, de croquis d&rsquo;ambiance. Une fois le projet accept\u00e9, je r\u00e9alise le <strong>dossier technique<\/strong>. Il comprend, outre les plans d&rsquo;ex\u00e9cutions, les devis, les m\u00e9tr\u00e9s et le cahier des charges qui appuieront la r\u00e9alisation des ouvrages.<br \/>\nEnfin, je prends \u00e9galement en charge les d\u00e9marches administratives pour l&rsquo;obtention de <strong>permis d&rsquo;urbanisme<\/strong>, POS ou tout autre prospecte. Je rassemble les devis des artisans et entreprises qui participent au projet et je coordonne un projet coh\u00e9rent que je conduis jusqu\u2019\u00e0 sa livraison \u00ab\u00a0.<strong> Thomas Gentilini<\/strong> se d\u00e9place sur votre site pour d\u00e9terminer ensemble vos attentes, vos besoins et vos exigences (contacter l\u2019agence pour les conditions de visites).<\/p>\n","protected":false},"excerpt":{"rendered":"<p>Savoir faireIl n\u2019y a pas de petit ou de grand jardin, il y a des espaces \u00e0 r\u00e9v\u00e9ler, des ambiances \u00e0 traduire et des harmonies \u00e0 cr\u00e9er. Un beau d\u00e9fi et c\u2019est pour \u00e7a que j\u2019aime mon m\u00e9tier.<\/p>\n<p>Thomas Gentilini est un architecte paysagiste aussi engag\u00e9 que passionn\u00e9. Il compose des espaces ext\u00e9rieurs et des jardins avec cr\u00e9ativit\u00e9 et une ma\u00eetrise parfaite des plantes m\u00e9diterran\u00e9ennes. Il travaille dans un souci du respect de l\u2019identit\u00e9 et des \u00e9cosyst\u00e8mes. Il met au service des jardins son savoir-faire en mati\u00e8re de d\u00e9veloppement durable. Son approche vise \u00e0 trouver des &#8230; <a href=\"https:\/\/www.creation-jardin.com\/paysagiste\/espaces-exterieurs-jardins\/\">Lire la suite &raquo;<\/a><\/p>\n","protected":false},"author":1,"featured_media":0,"parent":0,"menu_order":0,"comment_status":"open","ping_status":"open","template":"template-fullwidth.php","meta":{"footnotes":""},"aioseo_notices":[],"_links":{"self":[{"href":"https:\/\/www.creation-jardin.com\/paysagiste\/wp-json\/wp\/v2\/pages\/51"}],"collection":[{"href":"https:\/\/www.creation-jardin.com\/paysagiste\/wp-json\/wp\/v2\/pages"}],"about":[{"href":"https:\/\/www.creation-jardin.com\/paysagiste\/wp-json\/wp\/v2\/types\/page"}],"author":[{"embeddable":true,"href":"https:\/\/www.creation-jardin.com\/paysagiste\/wp-json\/wp\/v2\/users\/1"}],"replies":[{"embeddable":true,"href":"https:\/\/www.creation-jardin.com\/paysagiste\/wp-json\/wp\/v2\/comments?post=51"}],"version-history":[{"count":6,"href":"https:\/\/www.creation-jardin.com\/paysagiste\/wp-json\/wp\/v2\/pages\/51\/revisions"}],"predecessor-version":[{"id":1082,"href":"https:\/\/www.creation-jardin.com\/paysagiste\/wp-json\/wp\/v2\/pages\/51\/revisions\/1082"}],"wp:attachment":[{"href":"https:\/\/www.creation-jardin.com\/paysagiste\/wp-json\/wp\/v2\/media?parent=51"}],"curies":[{"name":"wp","href":"https:\/\/api.w.org\/{rel}","templated":true}]}}